{"id":6,"date":"2024-05-31T10:04:54","date_gmt":"2024-05-31T08:04:54","guid":{"rendered":"http:\/\/sivfbgb.cluster023.hosting.ovh.net\/?page_id=6"},"modified":"2024-05-31T10:10:21","modified_gmt":"2024-05-31T08:10:21","slug":"6-2","status":"publish","type":"page","link":"https:\/\/gwadloup2030.com\/","title":{"rendered":""},"content":{"rendered":"\n<p class=\"has-large-font-size\">Le 30 avril 2024, l\u2019agence Artistik R\u00e9zo Cara\u00efbes et l\u2019Association Les Amis de Artistik R\u00e9zo Cara\u00efbes lancent un appel \u00e0 consortium en r\u00e9flexion du plan d\u2019investissement \u00ab&nbsp;France 2030&nbsp;\u00bb sous l\u2019intitul\u00e9 :<\/p>\n\n\n\n<p class=\"has-x-large-font-size\"><strong>LAKOU IMMERSIF<\/strong><br><strong>Guadeloupe 2030<br>\u00ab&nbsp;Architecture collective<\/strong><br><strong>pour penser la Guadeloupe&nbsp;\u00bb<\/strong><\/p>\n\n\n\n<div style=\"height:30px\" aria-hidden=\"true\" class=\"wp-block-spacer\"><\/div>\n\n\n\n<p class=\"has-medium-font-size\"><strong>Le rendez-vous des innovateur-trice\u00b7s !<\/strong><\/p>\n\n\n\n<ul class=\"wp-block-list\">\n<li>Habiter la Guadeloupe,<br>Habiter le monde<\/li>\n\n\n\n<li>Innovation et Patrimoine;<br>Immersion dans la Guadeloupe de demain<\/li>\n<\/ul>\n\n\n\n<div style=\"height:1px\" aria-hidden=\"true\" class=\"wp-block-spacer\"><\/div>\n\n\n\n<p><strong>Nous vous invitons \u00e0 faire commun \u00e0 travers un consortium vers des orientations concr\u00e8tes :<\/strong><\/p>\n\n\n\n<ul class=\"wp-block-list\">\n<li>Proposer des id\u00e9es et investir dans les technologies innovantes<\/li>\n\n\n\n<li>\u2060Soutenir la transition \u00e9cologique<\/li>\n\n\n\n<li>\u2060Placer la Guadeloupe en dialogue avec Martinique, Guyane, Amazonie en t\u00eate de la production des contenus culturels et cr\u00e9atifs, et des technologies immersives<\/li>\n<\/ul>\n\n\n\n<div style=\"height:1px\" aria-hidden=\"true\" class=\"wp-block-spacer\"><\/div>\n\n\n\n<p><strong>Process, M\u00e9thodologie :<\/strong><\/p>\n\n\n\n<ul class=\"wp-block-list\">\n<li>Associer nos comp\u00e9tences pour r\u00e9f\u00e9rencer une Guadeloupe d\u2019Avenir(s)\u2026<\/li>\n\n\n\n<li>\u2060Soutenir l&rsquo;\u00e9mergence de talents en construisant les formations de demain<\/li>\n\n\n\n<li>Ma\u00eetriser les technologies num\u00e9riques souveraines et s\u00fbres,<\/li>\n\n\n\n<li>S\u2019appuyer sur l\u2019excellence de nos \u00e9cosyst\u00e8mes d\u2019enseignement sup\u00e9rieur, de recherche et d\u2019innovation,<\/li>\n\n\n\n<li>Cr\u00e9er un consortium: espace symbolique d\u2019un LAKOU; Laboratoire d\u2019id\u00e9es a transformer en actions en menant une r\u00e9flexion sur les ICC (Industries Culturelles et Cr\u00e9atives)*<\/li>\n\n\n\n<li>cr\u00e9atives.<\/li>\n<\/ul>\n\n\n\n<div style=\"height:100px\" aria-hidden=\"true\" class=\"wp-block-spacer\"><\/div>\n\n\n\n<p>\u00ab <em>Les industries culturelles et cr\u00e9atives sont les forces vives de notre culture. Architecture, livre, cin\u00e9ma, musique, audiovisuel, presse, radio, jeu vid\u00e9o, arts visuels ou encore spectacle vivant : les secteurs qu\u2019elles repr\u00e9sentent p\u00e8sent 640 000 emplois et 91 milliards d\u2019euros de chiffre d\u2019affaires. C\u2019est pour leur faire b\u00e9n\u00e9ficier pleinement de ce potentiel \u00e9conomique que nous lan\u00e7ons, les \u00c9tats g\u00e9n\u00e9raux des ICC.<\/em> \u00bb<\/p>\n\n\n\n<p>Franck Riester, ministre de la Culture<br>(2018 \u00e0 2020)<\/p>\n","protected":false},"excerpt":{"rendered":"<p>Le 30 avril 2024, l\u2019agence Artistik R\u00e9zo Cara\u00efbes et l\u2019Association Les Amis de Artistik R\u00e9zo Cara\u00efbes lancent un appel \u00e0 consortium en r\u00e9flexion du plan d\u2019investissement \u00ab&nbsp;France 2030&nbsp;\u00bb sous l\u2019intitul\u00e9 : LAKOU IMMERSIFGuadeloupe 2030\u00ab&nbsp;Architecture collectivepour penser la Guadeloupe&nbsp;\u00bb Le rendez-vous des innovateur-trice\u00b7s ! Nous vous invitons \u00e0 faire commun \u00e0 travers un consortium vers des [&hellip;]<\/p>\n","protected":false},"author":1,"featured_media":0,"parent":0,"menu_order":0,"comment_status":"closed","ping_status":"closed","template":"","meta":{"footnotes":""},"class_list":["post-6","page","type-page","status-publish","hentry"],"_links":{"self":[{"href":"https:\/\/gwadloup2030.com\/index.php\/wp-json\/wp\/v2\/pages\/6","targetHints":{"allow":["GET"]}}],"collection":[{"href":"https:\/\/gwadloup2030.com\/index.php\/wp-json\/wp\/v2\/pages"}],"about":[{"href":"https:\/\/gwadloup2030.com\/index.php\/wp-json\/wp\/v2\/types\/page"}],"author":[{"embeddable":true,"href":"https:\/\/gwadloup2030.com\/index.php\/wp-json\/wp\/v2\/users\/1"}],"replies":[{"embeddable":true,"href":"https:\/\/gwadloup2030.com\/index.php\/wp-json\/wp\/v2\/comments?post=6"}],"version-history":[{"count":2,"href":"https:\/\/gwadloup2030.com\/index.php\/wp-json\/wp\/v2\/pages\/6\/revisions"}],"predecessor-version":[{"id":10,"href":"https:\/\/gwadloup2030.com\/index.php\/wp-json\/wp\/v2\/pages\/6\/revisions\/10"}],"wp:attachment":[{"href":"https:\/\/gwadloup2030.com\/index.php\/wp-json\/wp\/v2\/media?parent=6"}],"curies":[{"name":"wp","href":"https:\/\/api.w.org\/{rel}","templated":true}]}}